{"id":785,"date":"2022-11-18T14:54:34","date_gmt":"2022-11-18T13:54:34","guid":{"rendered":"https:\/\/www.jptones.fr\/?page_id=785"},"modified":"2022-12-29T17:13:41","modified_gmt":"2022-12-29T16:13:41","slug":"bio-jptones","status":"publish","type":"page","link":"https:\/\/www.jptones.fr\/?page_id=785","title":{"rendered":"bio jptones"},"content":{"rendered":"\t\t<div data-elementor-type=\"wp-page\" data-elementor-id=\"785\" class=\"elementor elementor-785\" data-elementor-post-type=\"page\">\n\t\t\t\t\t\t<section class=\"elementor-section elementor-top-section elementor-element elementor-element-a791268 elementor-section-height-min-height elementor-section-boxed elementor-section-height-default elementor-section-items-middle\" data-id=\"a791268\" data-element_type=\"section\" data-e-type=\"section\">\n\t\t\t\t\t\t\t<div class=\"elementor-background-overlay\"><\/div>\n\t\t\t\t\t\t\t<div class=\"elementor-container elementor-column-gap-extended\">\n\t\t\t\t\t<div class=\"elementor-column elementor-col-100 elementor-top-column elementor-element elementor-element-e9f1b4f\" data-id=\"e9f1b4f\" data-element_type=\"column\" data-e-type=\"column\">\n\t\t\t<div class=\"elementor-widget-wrap elementor-element-populated\">\n\t\t\t\t\t\t<div class=\"elementor-element elementor-element-b35b28d elementor-invisible elementor-widget elementor-widget-heading\" data-id=\"b35b28d\" data-element_type=\"widget\" data-e-type=\"widget\" data-settings=\"{&quot;_animation&quot;:&quot;fadeIn&quot;}\" data-widget_type=\"heading.default\">\n\t\t\t\t<div class=\"elementor-widget-container\">\n\t\t\t\t\t<h2 class=\"elementor-heading-title elementor-size-default\">A mon sujet<\/h2>\t\t\t\t<\/div>\n\t\t\t\t<\/div>\n\t\t\t\t\t<\/div>\n\t\t<\/div>\n\t\t\t\t\t<\/div>\n\t\t<\/section>\n\t\t\t\t<section class=\"elementor-section elementor-top-section elementor-element elementor-element-9715ac1 elementor-section-boxed elementor-section-height-default elementor-section-height-default\" data-id=\"9715ac1\" data-element_type=\"section\" data-e-type=\"section\">\n\t\t\t\t\t\t<div class=\"elementor-container elementor-column-gap-default\">\n\t\t\t\t\t<div class=\"elementor-column elementor-col-100 elementor-top-column elementor-element elementor-element-5296bcb\" data-id=\"5296bcb\" data-element_type=\"column\" data-e-type=\"column\">\n\t\t\t<div class=\"elementor-widget-wrap elementor-element-populated\">\n\t\t\t\t\t\t<div class=\"elementor-element elementor-element-1a73826 elementor-widget elementor-widget-spacer\" data-id=\"1a73826\" data-element_type=\"widget\" data-e-type=\"widget\" data-widget_type=\"spacer.default\">\n\t\t\t\t<div class=\"elementor-widget-container\">\n\t\t\t\t\t\t\t<div class=\"elementor-spacer\">\n\t\t\t<div class=\"elementor-spacer-inner\"><\/div>\n\t\t<\/div>\n\t\t\t\t\t\t<\/div>\n\t\t\t\t<\/div>\n\t\t\t\t<section class=\"elementor-section elementor-inner-section elementor-element elementor-element-ad9e111 elementor-section-boxed elementor-section-height-default elementor-section-height-default\" data-id=\"ad9e111\" data-element_type=\"section\" data-e-type=\"section\">\n\t\t\t\t\t\t<div class=\"elementor-container elementor-column-gap-default\">\n\t\t\t\t\t<div class=\"elementor-column elementor-col-50 elementor-inner-column elementor-element elementor-element-998e426\" data-id=\"998e426\" data-element_type=\"column\" data-e-type=\"column\">\n\t\t\t<div class=\"elementor-widget-wrap elementor-element-populated\">\n\t\t\t\t\t\t<div class=\"elementor-element elementor-element-3a26601 elementor-widget elementor-widget-image\" data-id=\"3a26601\" data-element_type=\"widget\" data-e-type=\"widget\" data-widget_type=\"image.default\">\n\t\t\t\t<div class=\"elementor-widget-container\">\n\t\t\t\t\t\t\t\t\t\t\t\t\t\t\t<img fetchpriority=\"high\" decoding=\"async\" width=\"670\" height=\"1024\" src=\"https:\/\/www.jptones.fr\/wp-content\/uploads\/2022\/12\/2022-12-21-02-1560x2384-1-670x1024.jpg\" class=\"attachment-large size-large wp-image-1377\" alt=\"\" srcset=\"https:\/\/www.jptones.fr\/wp-content\/uploads\/2022\/12\/2022-12-21-02-1560x2384-1-670x1024.jpg 670w, https:\/\/www.jptones.fr\/wp-content\/uploads\/2022\/12\/2022-12-21-02-1560x2384-1-196x300.jpg 196w, https:\/\/www.jptones.fr\/wp-content\/uploads\/2022\/12\/2022-12-21-02-1560x2384-1-768x1174.jpg 768w, https:\/\/www.jptones.fr\/wp-content\/uploads\/2022\/12\/2022-12-21-02-1560x2384-1-1005x1536.jpg 1005w, https:\/\/www.jptones.fr\/wp-content\/uploads\/2022\/12\/2022-12-21-02-1560x2384-1-1340x2048.jpg 1340w, https:\/\/www.jptones.fr\/wp-content\/uploads\/2022\/12\/2022-12-21-02-1560x2384-1.jpg 1560w\" sizes=\"(max-width: 670px) 100vw, 670px\" \/>\t\t\t\t\t\t\t\t\t\t\t\t\t\t\t<\/div>\n\t\t\t\t<\/div>\n\t\t\t\t\t<\/div>\n\t\t<\/div>\n\t\t\t\t<div class=\"elementor-column elementor-col-50 elementor-inner-column elementor-element elementor-element-c549b39\" data-id=\"c549b39\" data-element_type=\"column\" data-e-type=\"column\">\n\t\t\t<div class=\"elementor-widget-wrap elementor-element-populated\">\n\t\t\t\t\t\t<div class=\"elementor-element elementor-element-d47a20b elementor-widget elementor-widget-text-editor\" data-id=\"d47a20b\" data-element_type=\"widget\" data-e-type=\"widget\" data-widget_type=\"text-editor.default\">\n\t\t\t\t<div class=\"elementor-widget-container\">\n\t\t\t\t\t\t\t\t\t<p>Parti de l\u2019\u00e9criture d\u2019un synopsis pour la r\u00e9alisation d\u2019un court film en images de synth\u00e8se, les quelques lignes initiales ont abouti \u00e0 un ouvrage de 569 pages, Nourr IX Renaissance, dont la suite Lyrsa \u00c9volution est en cours de d\u00e9veloppement.<\/p><p>Ma passion pour cr\u00e9er des histoires \u00e9tait n\u00e9e.<\/p><p>Baign\u00e9 dans les anim\u00e9s et les films des ann\u00e9es\u00a080, la science-fiction est mon genre de pr\u00e9dilection. Mais j\u2019aime aussi me frotter \u00e0 diff\u00e9rents univers que j\u2019ai d\u00e9peints dans Le hasard d\u2019une rencontre puis dans T &amp; M, mon dernier livre.<\/p><p>Tourn\u00e9 vers la culture \u00e9trang\u00e8re par ses s\u00e9ries TV (ou drama, lakorn, dizi selon le pays) et ses films, j\u2019y trouve d\u2019autres modes de vie et de pens\u00e9es, loin des st\u00e9r\u00e9otypes am\u00e9ricains ou fran\u00e7ais naviguant sur des th\u00e8mes identiques et soporifiques. Captiv\u00e9 par certains synopsis et impatient de les d\u00e9couvrir, j\u2019en ai m\u00eame traduit et diffus\u00e9 \u00e0 la vaste communaut\u00e9 francophone appr\u00e9ciant ces s\u00e9ries. Tr\u00e8s enrichissant.\u00a0\u00a0\u00a0\u00a0\u00a0\u00a0\u00a0<\/p><p>Je me nourris \u00e9galement de mon environnement professionnel o\u00f9 mon activit\u00e9 transverse me permet de c\u00f4toyer l\u2019ensemble de ses acteurs.<\/p>\t\t\t\t\t\t\t\t<\/div>\n\t\t\t\t<\/div>\n\t\t\t\t\t<\/div>\n\t\t<\/div>\n\t\t\t\t\t<\/div>\n\t\t<\/section>\n\t\t\t\t\t<\/div>\n\t\t<\/div>\n\t\t\t\t\t<\/div>\n\t\t<\/section>\n\t\t\t\t<section class=\"elementor-section elementor-top-section elementor-element elementor-element-df01605 elementor-section-boxed elementor-section-height-default elementor-section-height-default\" data-id=\"df01605\" data-element_type=\"section\" data-e-type=\"section\">\n\t\t\t\t\t\t<div class=\"elementor-container elementor-column-gap-default\">\n\t\t\t\t\t<div class=\"elementor-column elementor-col-100 elementor-top-column elementor-element elementor-element-889d527\" data-id=\"889d527\" data-element_type=\"column\" data-e-type=\"column\">\n\t\t\t<div class=\"elementor-widget-wrap\">\n\t\t\t\t\t\t\t<\/div>\n\t\t<\/div>\n\t\t\t\t\t<\/div>\n\t\t<\/section>\n\t\t\t\t<section class=\"elementor-section elementor-top-section elementor-element elementor-element-a0e7a11 elementor-section-boxed elementor-section-height-default elementor-section-height-default\" data-id=\"a0e7a11\" data-element_type=\"section\" data-e-type=\"section\">\n\t\t\t\t\t\t<div class=\"elementor-container elementor-column-gap-default\">\n\t\t\t\t\t<div class=\"elementor-column elementor-col-100 elementor-top-column elementor-element elementor-element-a0f7629\" data-id=\"a0f7629\" data-element_type=\"column\" data-e-type=\"column\">\n\t\t\t<div class=\"elementor-widget-wrap elementor-element-populated\">\n\t\t\t\t\t\t<div class=\"elementor-element elementor-element-839eea3 elementor-widget elementor-widget-spacer\" data-id=\"839eea3\" data-element_type=\"widget\" data-e-type=\"widget\" data-widget_type=\"spacer.default\">\n\t\t\t\t<div class=\"elementor-widget-container\">\n\t\t\t\t\t\t\t<div class=\"elementor-spacer\">\n\t\t\t<div class=\"elementor-spacer-inner\"><\/div>\n\t\t<\/div>\n\t\t\t\t\t\t<\/div>\n\t\t\t\t<\/div>\n\t\t\t\t\t<\/div>\n\t\t<\/div>\n\t\t\t\t\t<\/div>\n\t\t<\/section>\n\t\t\t\t<\/div>\n\t\t","protected":false},"excerpt":{"rendered":"<p>A mon sujet Parti de l\u2019\u00e9criture d\u2019un synopsis pour la r\u00e9alisation d\u2019un court film en images de synth\u00e8se, les quelques lignes initiales ont abouti \u00e0 un ouvrage de 569 pages, Nourr IX Renaissance, dont la suite Lyrsa \u00c9volution est en cours de d\u00e9veloppement. Ma passion pour cr\u00e9er des histoires \u00e9tait n\u00e9e. Baign\u00e9 dans les anim\u00e9s [&hellip;]<\/p>\n","protected":false},"author":3,"featured_media":0,"parent":0,"menu_order":0,"comment_status":"closed","ping_status":"closed","template":"","meta":{"_monsterinsights_skip_tracking":false,"_monsterinsights_sitenote_active":false,"_monsterinsights_sitenote_note":"","_monsterinsights_sitenote_category":0,"site-sidebar-layout":"no-sidebar","site-content-layout":"page-builder","ast-site-content-layout":"default","site-content-style":"default","site-sidebar-style":"default","ast-global-header-display":"","ast-banner-title-visibility":"","ast-main-header-display":"","ast-hfb-above-header-display":"","ast-hfb-below-header-display":"","ast-hfb-mobile-header-display":"","site-post-title":"disabled","ast-breadcrumbs-content":"","ast-featured-img":"disabled","footer-sml-layout":"","ast-disable-related-posts":"","theme-transparent-header-meta":"","adv-header-id-meta":"","stick-header-meta":"","header-above-stick-meta":"","header-main-stick-meta":"","header-below-stick-meta":"","astra-migrate-meta-layouts":"default","ast-page-background-enabled":"default","ast-page-background-meta":{"desktop":{"background-color":"var(--ast-global-color-4)","background-image":"","background-repeat":"repeat","background-position":"center center","background-size":"auto","background-attachment":"scroll","background-type":"","background-media":"","overlay-type":"","overlay-color":"","overlay-opacity":"","overlay-gradient":""},"tablet":{"background-color":"","background-image":"","background-repeat":"repeat","background-position":"center center","background-size":"auto","background-attachment":"scroll","background-type":"","background-media":"","overlay-type":"","overlay-color":"","overlay-opacity":"","overlay-gradient":""},"mobile":{"background-color":"","background-image":"","background-repeat":"repeat","background-position":"center center","background-size":"auto","background-attachment":"scroll","background-type":"","background-media":"","overlay-type":"","overlay-color":"","overlay-opacity":"","overlay-gradient":""}},"ast-content-background-meta":{"desktop":{"background-color":"var(--ast-global-color-5)","background-image":"","background-repeat":"repeat","background-position":"center center","background-size":"auto","background-attachment":"scroll","background-type":"","background-media":"","overlay-type":"","overlay-color":"","overlay-opacity":"","overlay-gradient":""},"tablet":{"background-color":"var(--ast-global-color-5)","background-image":"","background-repeat":"repeat","background-position":"center center","background-size":"auto","background-attachment":"scroll","background-type":"","background-media":"","overlay-type":"","overlay-color":"","overlay-opacity":"","overlay-gradient":""},"mobile":{"background-color":"var(--ast-global-color-5)","background-image":"","background-repeat":"repeat","background-position":"center center","background-size":"auto","background-attachment":"scroll","background-type":"","background-media":"","overlay-type":"","overlay-color":"","overlay-opacity":"","overlay-gradient":""}},"footnotes":""},"class_list":["post-785","page","type-page","status-publish","hentry"],"aioseo_notices":[],"_links":{"self":[{"href":"https:\/\/www.jptones.fr\/index.php?rest_route=\/wp\/v2\/pages\/785","targetHints":{"allow":["GET"]}}],"collection":[{"href":"https:\/\/www.jptones.fr\/index.php?rest_route=\/wp\/v2\/pages"}],"about":[{"href":"https:\/\/www.jptones.fr\/index.php?rest_route=\/wp\/v2\/types\/page"}],"author":[{"embeddable":true,"href":"https:\/\/www.jptones.fr\/index.php?rest_route=\/wp\/v2\/users\/3"}],"replies":[{"embeddable":true,"href":"https:\/\/www.jptones.fr\/index.php?rest_route=%2Fwp%2Fv2%2Fcomments&post=785"}],"version-history":[{"count":41,"href":"https:\/\/www.jptones.fr\/index.php?rest_route=\/wp\/v2\/pages\/785\/revisions"}],"predecessor-version":[{"id":1462,"href":"https:\/\/www.jptones.fr\/index.php?rest_route=\/wp\/v2\/pages\/785\/revisions\/1462"}],"wp:attachment":[{"href":"https:\/\/www.jptones.fr\/index.php?rest_route=%2Fwp%2Fv2%2Fmedia&parent=785"}],"curies":[{"name":"wp","href":"https:\/\/api.w.org\/{rel}","templated":true}]}}